{"id":1055,"date":"2023-08-31T07:06:57","date_gmt":"2023-08-31T07:06:57","guid":{"rendered":"https:\/\/cfwrecruitment.com\/?page_id=1055"},"modified":"2023-09-11T16:51:50","modified_gmt":"2023-09-11T16:51:50","slug":"privacy-policy-2","status":"publish","type":"page","link":"https:\/\/cfwrecruitment.com\/pl\/privacy-policy-2\/","title":{"rendered":"Polityka prywatno\u015bci"},"content":{"rendered":"<div data-elementor-type=\"wp-page\" data-elementor-id=\"1055\" class=\"elementor elementor-1055\" data-elementor-post-type=\"page\">\n\t\t\t\t\t\t<section class=\"elementor-section elementor-top-section elementor-element elementor-element-88a36bf elementor-section-content-middle elementor-section-height-min-height elementor-section-boxed elementor-section-height-default elementor-section-items-middle\" data-id=\"88a36bf\" data-element_type=\"section\" data-e-type=\"section\" data-settings=\"{&quot;background_background&quot;:&quot;classic&quot;}\">\n\t\t\t\t\t\t\t<div class=\"elementor-background-overlay\"><\/div>\n\t\t\t\t\t\t\t<div class=\"elementor-container elementor-column-gap-no\">\n\t\t\t\t\t<div class=\"elementor-column elementor-col-100 elementor-top-column elementor-element elementor-element-250e507\" data-id=\"250e507\" data-element_type=\"column\" data-e-type=\"column\">\n\t\t\t<div class=\"elementor-widget-wrap elementor-element-populated\">\n\t\t\t\t\t\t\t<\/div>\n\t\t<\/div>\n\t\t\t\t\t<\/div>\n\t\t<\/section>\n\t\t\t\t<section class=\"elementor-section elementor-top-section elementor-element elementor-element-e4c4df2 elementor-section-boxed elementor-section-height-default elementor-section-height-default\" data-id=\"e4c4df2\" data-element_type=\"section\" data-e-type=\"section\" data-settings=\"{&quot;background_background&quot;:&quot;classic&quot;}\">\n\t\t\t\t\t\t<div class=\"elementor-container elementor-column-gap-default\">\n\t\t\t\t\t<div class=\"elementor-column elementor-col-100 elementor-top-column elementor-element elementor-element-a7f4e9f\" data-id=\"a7f4e9f\" data-element_type=\"column\" data-e-type=\"column\">\n\t\t\t<div class=\"elementor-widget-wrap elementor-element-populated\">\n\t\t\t\t\t\t<section class=\"elementor-section elementor-inner-section elementor-element elementor-element-ca6b8fe elementor-section-boxed elementor-section-height-default elementor-section-height-default\" data-id=\"ca6b8fe\" data-element_type=\"section\" data-e-type=\"section\" data-settings=\"{&quot;background_background&quot;:&quot;classic&quot;}\">\n\t\t\t\t\t\t<div class=\"elementor-container elementor-column-gap-default\">\n\t\t\t\t\t<div class=\"elementor-column elementor-col-100 elementor-inner-column elementor-element elementor-element-37ddf09\" data-id=\"37ddf09\" data-element_type=\"column\" data-e-type=\"column\">\n\t\t\t<div class=\"elementor-widget-wrap elementor-element-populated\">\n\t\t\t\t\t\t<div class=\"elementor-element elementor-element-fe9c903 elementor-widget elementor-widget-text-editor\" data-id=\"fe9c903\" data-element_type=\"widget\" data-e-type=\"widget\" data-widget_type=\"text-editor.default\">\n\t\t\t\t<div class=\"elementor-widget-container\">\n\t\t\t\t\t\t\t\t\t<p>Na potrzeby Og\u00f3lnego rozporz\u0105dzenia o ochronie danych (\u201eRODO\u201d) obowi\u0105zuj\u0105cego od maja 2018 r. oraz powi\u0105zanych przepis\u00f3w i regulacji wdra\u017caj\u0105cych je ka\u017cdorazowo do prawa irlandzkiego, polskiego i brytyjskiego, administratorem danych jest CFW \u2013 Recruitment Consultants sp. z oo z siedzib\u0105 w D\u0142ugiej 55\/1A, 31-147 Krak\u00f3w, nr KRS 0000900658, licencja agencyjna 26160.<\/p>\n<h4><b>Og\u00f3lne zestawienie<\/b><\/h4>\n<p>Konsultanci CFW Recruitment w pe\u0142ni szanuj\u0105 Twoje prawo do prywatno\u015bci i dok\u0142adaj\u0105 wszelkich stara\u0144, aby zapewni\u0107 ochron\u0119 Twojej prywatno\u015bci. Konsultanci CFW Recruitment nie b\u0119d\u0105 gromadzi\u0107 ani publikowa\u0107 \u017cadnych danych osobowych o Tobie bez Twojej zgody. Wszelkie dane osobowe, kt\u00f3re dobrowolnie przeka\u017cesz, b\u0119d\u0105 traktowane z zachowaniem najwy\u017cszych standard\u00f3w bezpiecze\u0144stwa i poufno\u015bci, \u015bci\u015ble zgodnie z RODO.<\/p>\n<h4><b>T\u0142o<\/b><\/h4>\n<p>Konsultanci CFW Recruitment zawsze bardzo powa\u017cnie traktowali bezpiecze\u0144stwo i ochron\u0119 Twoich danych. Dane pozyskiwali\u015bmy wy\u0142\u0105cznie z renomowanych \u017ar\u00f3de\u0142 (Tablice og\u0142osze\u0144, bazy CV itp.), w przypadku kt\u00f3rych mamy pozwolenie na udost\u0119pnianie lub przekazywanie nam Twoich danych. Nigdy nie udost\u0119pniali\u015bmy szczeg\u00f3\u0142\u00f3w klientom bez wyra\u017anej zgody i tylko w odniesieniu do okre\u015blonej roli.<\/p>\n<h4><b>Regulamin<\/b><\/h4>\n<p>Prosimy o uwa\u017cne zapoznanie si\u0119 z niniejsz\u0105 umow\u0105 przed uzyskaniem dost\u0119pu do naszych us\u0142ug lub skorzystaniem z nich. Uzyskuj\u0105c dost\u0119p do naszych us\u0142ug lub korzystaj\u0105c z nich, wyra\u017casz zgod\u0119 na poni\u017csze warunki. Mo\u017cemy modyfikowa\u0107 niniejsz\u0105 umow\u0119 w dowolnym momencie, a takie modyfikacje zaczn\u0105 obowi\u0105zywa\u0107 natychmiast po opublikowaniu zmodyfikowanej umowy.<\/p>\n<p>Niniejsza Polityka prywatno\u015bci okre\u015bla podstaw\u0119 przetwarzania przez nas wszystkich danych osobowych gromadzonych przez CFW Recruitment Consultants. Przeczytaj go uwa\u017cnie i po\u015bwi\u0119\u0107 troch\u0119 czasu na zrozumienie naszych zasad i procedur dotycz\u0105cych Twoich danych osobowych.<\/p>\n<p>Je\u015bli nie zgadzasz si\u0119 z przetwarzaniem przez nas Twoich danych w spos\u00f3b opisany w niniejszej Polityce, prosimy o nieprzekazywanie nam \u017cadnych danych osobowych.<\/p>\n<h4><b>Gromadzenie i funkcja Twoich danych osobowych<\/b><\/h4>\n<p>CFW Recruitment Consultants gromadzi i wykorzystuje Twoje dane osobowe w celu realizacji naszych funkcji i us\u0142ug rekrutacyjnych. Dane osobowe b\u0119d\u0105 zazwyczaj zawiera\u0107 informacje zawarte w Twoim CV, takie jak imi\u0119 i nazwisko, dane kontaktowe, umiej\u0119tno\u015bci, do\u015bwiadczenie itp. Konsultanci CFW Recruitment b\u0119d\u0105 wykorzystywa\u0107 Twoje dane osobowe:<\/p>\n<ul>\n<li>Aby oceni\u0107 Twoj\u0105 przydatno\u015b\u0107 na wolne stanowiska, dopasowuj\u0105c Twoje umiej\u0119tno\u015bci i do\u015bwiadczenie do stanowisk, kt\u00f3re obecnie pe\u0142nimy u naszych klient\u00f3w.<\/li>\n<li>Je\u015bli skontaktujemy si\u0119 z Tob\u0105 w sprawie roli, kt\u00f3ra naszym zdaniem mo\u017ce Ci\u0119 zainteresowa\u0107, pierwsz\u0105 rzecz\u0105, kt\u00f3r\u0105 zrobimy, b\u0119dzie poproszenie Ci\u0119 o zgod\u0119<\/li>\n<li>Zapytamy Ci\u0119, czy jeste\u015b zainteresowany t\u0105 mo\u017cliwo\u015bci\u0105<\/li>\n<li>Zapytamy, czy mo\u017cemy si\u0119 z Tob\u0105 skontaktowa\u0107.<br>Zapytamy, czy mo\u017cemy przechowywa\u0107 Twoje dane w naszej bazie danych.<\/li>\n<li>B\u0119dziesz mie\u0107 r\u00f3wnie\u017c mo\u017cliwo\u015b\u0107 za\u017c\u0105dania, aby\u015bmy zaktualizowali, usun\u0119li lub dostarczyli Ci kopi\u0119 tych informacji.<\/li>\n<li>Aby zaproponowa\u0107 Ci stanowiska u naszych klient\u00f3w, je\u015bli wyrazi\u0142e\u015b na to zgod\u0119 po om\u00f3wieniu z Tob\u0105 roli i Twojej przydatno\u015bci. Zgoda ta zostanie zarejestrowana w naszych systemach.<\/li>\n<li>Twoje dane nigdy nie zostan\u0105 udost\u0119pnione osobom trzecim bez Twojej pisemnej zgody.<br>Zawsze b\u0119dziemy szuka\u0107 zgody tylko w odniesieniu do poszczeg\u00f3lnych r\u00f3l.<\/li>\n<li>Komunikacja z Tob\u0105:<\/li>\n<li>Informacje o konkretnych ofertach pracy odpowiadaj\u0105cych Twoim umiej\u0119tno\u015bciom i do\u015bwiadczeniu.<\/li>\n<li>Z wiod\u0105cymi w bran\u017cy poradami zawodowymi i tre\u015bciami pomocniczymi.<\/li>\n<\/ul>\n<p>W niekt\u00f3rych przypadkach, gdy nasi klienci korzystaj\u0105 z us\u0142ug stron trzecich w celu sprawdzenia referencji, kontroli kwalifikacji, kontroli policyjnych, test\u00f3w technicznych, test\u00f3w psychometrycznych itp., mo\u017ce by\u0107 konieczne udost\u0119pnienie Twoich danych tym stronom trzecim. W takich przypadkach poinformujemy Ci\u0119, \u017ce w proces zaanga\u017cowana jest strona trzecia i poprosimy Ci\u0119 o zgod\u0119 na udost\u0119pnienie im Twoich danych.<\/p>\n<p>W niekt\u00f3rych przypadkach w imieniu naszych klient\u00f3w mog\u0105 by\u0107 wymagane dodatkowe dane osobowe w celu u\u0142atwienia zatrudnienia, zapewnienia zgodno\u015bci i \u015bwiadczenia us\u0142ug p\u0142atniczych, takie jak dane konta bankowego, krajowe numery identyfikacyjne i dane wizowe. Dane te b\u0119d\u0105 przechowywane tylko tak d\u0142ugo, jak jest to wymagane do \u015bwiadczenia takich us\u0142ug zwi\u0105zanych z zatrudnieniem i zostan\u0105 usuni\u0119te po up\u0142ywie okresu, w kt\u00f3rym jeste\u015bmy zmuszeni zgodnie z prawem przechowywa\u0107 dane.<\/p>\n<h4><b>Istniej\u0105ce dane konsultant\u00f3w ds. rekrutacji CFW<\/b><\/h4>\n<p>Naszym obowi\u0105zkiem jest zapewnienie, \u017ce wszystkie dane osobowe, kt\u00f3re nam przekazujesz, s\u0105 odpowiednio utrzymywane i aktualizowane. Jednak\u017ce Twoim obowi\u0105zkiem jest powiadomienie nas o wszelkich zmianach w Twoich danych osobowych, aby mie\u0107 pewno\u015b\u0107, \u017ce Twoje dane s\u0105 aktualne.<\/p>\n<p>Je\u017celi obecnie przechowujemy Twoje dane osobowe, mo\u017cesz w dowolnym momencie za\u017c\u0105da\u0107 ich aktualizacji, usuni\u0119cia lub dostarczenia Ci kopii tych informacji. Z przyjemno\u015bci\u0105 przeka\u017cemy Ci szczeg\u00f3\u0142owe informacje o tym, z jakiego Portalu Pracy lub Bazy CV pochodz\u0105 Twoje dane, oraz o dacie otrzymania tych danych przez CFW.<\/p>\n<p>Je\u015bli poprosisz o aktualizacj\u0119, usuni\u0119cie swoich danych lub o dostarczenie Ci kopii danych, podejmiemy odpowiednie dzia\u0142ania w ci\u0105gu tygodnia od otrzymania \u017c\u0105dania. Wszystkie pro\u015bby nale\u017cy przesy\u0142a\u0107 e-mailem na adres care@cfwrecruitment.com. Gdy wniosek zostanie zrealizowany, otrzymasz powiadomienie e-mailem. B\u0119dziemy przechowywa\u0107 Twoje dane nie d\u0142u\u017cej ni\u017c mamy w tym uzasadniony interes.<\/p>\n<h4><b>Przechowywanie i utrzymywanie danych osobowych<\/b><\/h4>\n<p>Konsultanci CFW Recruitment do\u0142o\u017c\u0105 wszelkich stara\u0144, aby Twoje dane osobowe by\u0142y aktualne. Odbywa si\u0119 to poprzez rozmowy telefoniczne, e-mail i og\u00f3ln\u0105 komunikacj\u0119, aby pozosta\u0107 w kontakcie i odnotowa\u0107 istotne zmiany w Twoim profilu. Je\u015bli od czasu naszej ostatniej interakcji zasz\u0142y jakie\u015b istotne zmiany, skontaktuj si\u0119 z nami, aby\u015bmy mogli zaktualizowa\u0107 nasze zapisy dotycz\u0105ce Twoich danych osobowych.<\/p>\n<p>CFW Recruitment Consultants b\u0119d\u0105 przechowywa\u0107 Twoje Dane Osobowe w kontek\u015bcie us\u0142ug profesjonalnej firmy konsultingowej zajmuj\u0105cej si\u0119 rekrutacj\u0105. W ka\u017cdej chwili masz prawo za\u017c\u0105da\u0107 od nas usuni\u0119cia Twoich danych osobowych. Konsultanci CFW Recruitment mog\u0105 usun\u0105\u0107 Twoje dane osobowe w dowolnym momencie, je\u015bli uznamy, \u017ce nie jeste\u015bmy w stanie \u015bwiadczy\u0107 Ci us\u0142ug rekrutacyjnych zgodnie z niniejsz\u0105 Polityk\u0105 prywatno\u015bci, w zwi\u0105zku z czym nie ma konieczno\u015bci przechowywania Twoich Danych osobowych przez cel\u00f3w, dla kt\u00f3rych zosta\u0142y zebrane.<\/p>\n<h4><b>Kto ma dost\u0119p do Twoich danych?<\/b><\/h4>\n<p>Informacje, kt\u00f3re nam przekaza\u0142e\u015b, mog\u0105 zosta\u0107 udost\u0119pnione personelowi pracuj\u0105cemu w CFW Recruitment Consultants, naszym klientom i stronom trzecim, jak okre\u015blono powy\u017cej, i za Twoj\u0105 zgod\u0105.<\/p>\n<h4><b>Bezpiecze\u0144stwo Twoich danych<\/b><\/h4>\n<p>Ochrona Twoich danych zawsze by\u0142a dla nas najwy\u017cszym priorytetem, dlatego do przechowywania Twoich danych i zarz\u0105dzania nimi korzystamy wy\u0142\u0105cznie z wiod\u0105cych mi\u0119dzynarodowych dostawc\u00f3w oprogramowania i us\u0142ug, dysponuj\u0105cych najlepszymi w swojej klasie rozwi\u0105zaniami bezpiecze\u0144stwa. Firmy te posiadaj\u0105 najnowocze\u015bniejsze technologie, procesy i procedury maj\u0105ce na celu ochron\u0119 Twoich danych.<\/p>\n<p>Gwarantujemy, \u017ce Twoje dane s\u0105 przetwarzane rzetelnie i zgodnie z prawem oraz z nale\u017cyt\u0105 fachowo\u015bci\u0105 i staranno\u015bci\u0105. Gwarantujemy r\u00f3wnie\u017c, \u017ce przes\u0142ane przez Ciebie dane zostan\u0105 wykorzystane wy\u0142\u0105cznie zgodnie z celem okre\u015blonym w niniejszej polityce.<\/p>\n<p>\u017baden system nie jest jednak bezpieczny pod wzgl\u0119dem standardu 100%, ale podejmujemy wszelkie uzasadnione \u015brodki ostro\u017cno\u015bci, aby zapewni\u0107 zachowanie prywatno\u015bci i integralno\u015bci Twoich danych. \u017badna transmisja przez Internet nie jest bezpieczna w standardzie 100%. CFW Recruitment Consultants nie ponosi \u017cadnej odpowiedzialno\u015bci w takim przypadku.<\/p>\n<h4><b>Bezpiecze\u0144stwo Twoich danych<\/b><\/h4>\n<p>Masz prawo uzyska\u0107 od CFW Recruitment Consultants dost\u0119p do swoich danych osobowych. Mo\u017cesz to zrobi\u0107, wysy\u0142aj\u0105c wiadomo\u015b\u0107 e-mail na adres care@cfwrecruitment.com<\/p>\n<p>CFW zawsze zweryfikuje to\u017csamo\u015b\u0107 ka\u017cdej osoby sk\u0142adaj\u0105cej wniosek o dost\u0119p do danych osobowych przed przekazaniem jakichkolwiek informacji i przeka\u017ce odpowiednie dane w ci\u0105gu jednego miesi\u0105ca od otrzymania wniosku o dost\u0119p podmiotu.<\/p>\n<p>Us\u0142uga ta b\u0119dzie \u015bwiadczona bezp\u0142atnie zgodnie z RODO. Je\u017celi Twoje wnioski o dost\u0119p s\u0105 wyra\u017anie bezpodstawne lub nadmierne, CFW zastrzega sobie prawo do pobrania rozs\u0105dnej op\u0142aty, bior\u0105c pod uwag\u0119 koszty administracyjne dostarczenia informacji.<\/p>\n<p>Masz prawo, aby CFW poprawi\u0142o wszelkie nieprawid\u0142owe Dane osobowe, kt\u00f3re CFW posiada na Tw\u00f3j temat.<\/p>\n<h4><b>Prawo dost\u0119pu<\/b><\/h4>\n<p>Masz prawo uzyska\u0107 od CFW Recruitment Consultants dost\u0119p do swoich danych osobowych. Mo\u017cesz to zrobi\u0107, wysy\u0142aj\u0105c wiadomo\u015b\u0107 e-mail na adres care@cfwrecruitment.com<\/p>\n<p>CFW zawsze zweryfikuje to\u017csamo\u015b\u0107 ka\u017cdej osoby sk\u0142adaj\u0105cej wniosek o dost\u0119p do danych osobowych przed przekazaniem jakichkolwiek informacji i przeka\u017ce odpowiednie dane w ci\u0105gu jednego miesi\u0105ca od otrzymania wniosku o dost\u0119p podmiotu.<\/p>\n<p>Us\u0142uga ta b\u0119dzie \u015bwiadczona bezp\u0142atnie zgodnie z RODO. Je\u017celi Twoje wnioski o dost\u0119p s\u0105 wyra\u017anie bezpodstawne lub nadmierne, CFW zastrzega sobie prawo do pobrania rozs\u0105dnej op\u0142aty, bior\u0105c pod uwag\u0119 koszty administracyjne dostarczenia informacji.<\/p>\n<p>Masz prawo, aby CFW poprawi\u0142o wszelkie nieprawid\u0142owe Dane osobowe, kt\u00f3re CFW posiada na Tw\u00f3j temat.<\/p>\n<h4><b>Prawo do usuni\u0119cia<\/b><\/h4>\n<p>Je\u017celi chcesz, aby Twoje dane osobowe zosta\u0142y usuni\u0119te przez konsultant\u00f3w CFW Recruitment Consultants, mo\u017cesz wys\u0142a\u0107 wiadomo\u015b\u0107 e-mail&nbsp;<a href=\"mailto:careers@cfwrecruitment.com\" target=\"_blank\" style=\"background-color: rgb(255, 255, 255); font-size: 1rem;\">careers@cfwrecruitment.com<\/a><\/p>\t\t\t\t\t\t\t\t<\/div>\n\t\t\t\t<\/div>\n\t\t\t\t<div class=\"elementor-element elementor-element-a7eff1e elementor-widget-divider--view-line elementor-widget elementor-widget-divider\" data-id=\"a7eff1e\" data-element_type=\"widget\" data-e-type=\"widget\" data-widget_type=\"divider.default\">\n\t\t\t\t<div class=\"elementor-widget-container\">\n\t\t\t\t\t\t\t<div class=\"elementor-divider\">\n\t\t\t<span class=\"elementor-divider-separator\">\n\t\t\t\t\t\t<\/span>\n\t\t<\/div>\n\t\t\t\t\t\t<\/div>\n\t\t\t\t<\/div>\n\t\t\t\t\t<\/div>\n\t\t<\/div>\n\t\t\t\t\t<\/div>\n\t\t<\/section>\n\t\t\t\t\t<\/div>\n\t\t<\/div>\n\t\t\t\t\t<\/div>\n\t\t<\/section>\n\t\t\t\t<\/div>","protected":false},"excerpt":{"rendered":"<p>For the purposes of the General Data Protection Regulation (\u201cGDPR\u201d) effective May 2018 and the related legislation and regulations implementing these into Irish, Polish and UK law from time to time, the Data Controller is CFW \u2013 Recruitment Consultants sp. z o.o., with the legal seat in D\u0142uga 55 \/ 1A, 31-147 Krak\u00f3w, KRS No. [&hellip;]<\/p>\n","protected":false},"author":1,"featured_media":0,"parent":0,"menu_order":0,"comment_status":"closed","ping_status":"closed","template":"","meta":{"footnotes":""},"class_list":["post-1055","page","type-page","status-publish","hentry"],"_links":{"self":[{"href":"https:\/\/cfwrecruitment.com\/pl\/wp-json\/wp\/v2\/pages\/1055","targetHints":{"allow":["GET"]}}],"collection":[{"href":"https:\/\/cfwrecruitment.com\/pl\/wp-json\/wp\/v2\/pages"}],"about":[{"href":"https:\/\/cfwrecruitment.com\/pl\/wp-json\/wp\/v2\/types\/page"}],"author":[{"embeddable":true,"href":"https:\/\/cfwrecruitment.com\/pl\/wp-json\/wp\/v2\/users\/1"}],"replies":[{"embeddable":true,"href":"https:\/\/cfwrecruitment.com\/pl\/wp-json\/wp\/v2\/comments?post=1055"}],"version-history":[{"count":34,"href":"https:\/\/cfwrecruitment.com\/pl\/wp-json\/wp\/v2\/pages\/1055\/revisions"}],"predecessor-version":[{"id":1386,"href":"https:\/\/cfwrecruitment.com\/pl\/wp-json\/wp\/v2\/pages\/1055\/revisions\/1386"}],"wp:attachment":[{"href":"https:\/\/cfwrecruitment.com\/pl\/wp-json\/wp\/v2\/media?parent=1055"}],"curies":[{"name":"wp","href":"https:\/\/api.w.org\/{rel}","templated":true}]}}