{"id":1730,"date":"2025-06-19T20:47:19","date_gmt":"2025-06-19T20:47:19","guid":{"rendered":"https:\/\/cfwrecruitment.com\/?page_id=1730"},"modified":"2025-06-19T20:47:24","modified_gmt":"2025-06-19T20:47:24","slug":"recruiting-top-talent-in-the-uae-dubai-abu-dhabi-beyond","status":"publish","type":"page","link":"https:\/\/cfwrecruitment.com\/pl\/recruiting-top-talent-in-the-uae-dubai-abu-dhabi-beyond\/","title":{"rendered":"Rekrutacja najlepszych talent\u00f3w w Zjednoczonych Emiratach Arabskich \u2013 Dubaj, Abu Zabi i inne miejsca"},"content":{"rendered":"<p data-start=\"391\" data-end=\"843\"><strong data-start=\"391\" data-end=\"455\">Rekrutacja najlepszych talent\u00f3w w Zjednoczonych Emiratach Arabskich \u2013 Dubaj, Abu Zabi i inne miejsca<\/strong><br data-start=\"455\" data-end=\"458\" \/>Na <strong data-start=\"461\" data-end=\"480\">Rekrutacja CFW<\/strong>z dum\u0105 rozszerzamy nasze us\u0142ugi rekrutacji ekspert\u00f3w na dynamiczne i szybko rozwijaj\u0105ce si\u0119 rynki <strong data-start=\"580\" data-end=\"619\">Dubaj, Abu Zabi i ca\u0142e Zjednoczone Emiraty Arabskie<\/strong>. Znane ze swojej innowacyjno\u015bci, szybkiego wzrostu i globalnej perspektywy, te miasta s\u0105 domem dla jednych z najbardziej ekscytuj\u0105cych mo\u017cliwo\u015bci kariery na \u015bwiecie \u2014 a my jeste\u015bmy tutaj, aby po\u0142\u0105czy\u0107 najlepsze talenty z pracodawcami, kt\u00f3rzy ceni\u0105 doskona\u0142o\u015b\u0107.<\/p>\n<h3 data-start=\"850\" data-end=\"906\">Dlaczego warto wybra\u0107 agencj\u0119 rekrutacyjn\u0105 CFW w Zjednoczonych Emiratach Arabskich?<\/h3>\n<ul data-start=\"908\" data-end=\"1448\">\n<li data-start=\"908\" data-end=\"1116\">\n<p data-start=\"910\" data-end=\"1116\"><strong data-start=\"910\" data-end=\"941\">Lokalny wgl\u0105d, globalny zasi\u0119g<\/strong><br data-start=\"941\" data-end=\"944\" \/>Rozumiemy wyj\u0105tkow\u0105 sytuacj\u0119 na rynku pracy w Zjednoczonych Emiratach Arabskich \u2014 od ram prawnych po niuanse kulturowe \u2014 i \u0142\u0105czymy to z nasz\u0105 globaln\u0105 sieci\u0105 wyj\u0105tkowych kandydat\u00f3w.<\/p>\n<\/li>\n<li data-start=\"1118\" data-end=\"1239\">\n<p data-start=\"1120\" data-end=\"1239\"><strong data-start=\"1120\" data-end=\"1140\">Sektory, kt\u00f3re obejmujemy<\/strong><br data-start=\"1140\" data-end=\"1143\" \/>Us\u0142ugi finansowe, bankowo\u015b\u0107 inwestycyjna, FinTech, ksi\u0119gowo\u015b\u0107, zgodno\u015b\u0107 z przepisami i rekrutacja kadry kierowniczej.<\/p>\n<\/li>\n<li data-start=\"1241\" data-end=\"1448\">\n<p data-start=\"1243\" data-end=\"1448\"><strong data-start=\"1243\" data-end=\"1270\">Dyskrecja jest najwa\u017cniejsza<\/strong><br data-start=\"1270\" data-end=\"1273\" \/>Niezale\u017cnie od tego, czy jeste\u015b kandydatem poszukuj\u0105cym nowych mo\u017cliwo\u015bci, czy firm\u0105 szukaj\u0105c\u0105 dyskretnego sposobu na rekrutacj\u0119 utalentowanych pracownik\u00f3w, gwarantujemy pe\u0142n\u0105 poufno\u015b\u0107 w ca\u0142ym procesie rekrutacji.<\/p>\n<\/li>\n<\/ul>\n<h3 data-start=\"1455\" data-end=\"1512\">Znajd\u017a odpowiedni talent, szybko<\/h3>\n<p data-start=\"1514\" data-end=\"1737\">Niezale\u017cnie od tego, czy rozwijasz start-up, czy rozwijasz globaln\u0105 firm\u0119, pomo\u017cemy Ci <strong data-start=\"1588\" data-end=\"1636\">znajd\u017a, oce\u0144 i zapewnij sobie bezpiecze\u0144stwo najlepszych specjalist\u00f3w<\/strong> \u2014 szybko. Nasze dostosowane podej\u015bcie gwarantuje, \u017ce spotkasz tylko kandydat\u00f3w najlepiej pasuj\u0105cych do Twoich cel\u00f3w biznesowych.<\/p>\n<p data-start=\"1514\" data-end=\"1737\">Kandydaci \u2013 pozw\u00f3lcie nam pom\u00f3c Wam w rozwoju kariery<\/p>\n<p data-start=\"1812\" data-end=\"2049\">Chcesz przeprowadzi\u0107 si\u0119 do Zjednoczonych Emirat\u00f3w Arabskich? Ju\u017c tam mieszkasz i szukasz kolejnej przeprowadzki? Nasi konsultanci specjali\u015bci s\u0105 gotowi pom\u00f3c Ci znale\u017a\u0107 rol\u0119 odpowiadaj\u0105c\u0105 Twoim umiej\u0119tno\u015bciom i ambicjom \u2014 wszystko za\u0142atwione <strong data-start=\"2009\" data-end=\"2048\">profesjonalizm i poufno\u015b\u0107<\/strong>.<\/p>\n<h3 data-start=\"2307\" data-end=\"2354\">Wezwanie do dzia\u0142ania (dane kontaktowe)<\/h3>\n<p data-start=\"2356\" data-end=\"2497\"><strong data-start=\"2356\" data-end=\"2402\">Szukasz pracy lub chcesz j\u0105 znale\u017a\u0107 w Zjednoczonych Emiratach Arabskich?<\/strong><br data-start=\"2402\" data-end=\"2405\" \/>Niezale\u017cnie od tego, czy chcesz rozszerzy\u0107 dzia\u0142alno\u015b\u0107 na rynek Zjednoczonych Emirat\u00f3w Arabskich, czy te\u017c szukasz nowych mo\u017cliwo\u015bci, jeste\u015bmy gotowi pom\u00f3c.<\/p>\n<p data-start=\"2499\" data-end=\"2646\">\ud83d\udce7 <strong data-start=\"2502\" data-end=\"2512\">E-mail:<\/strong> Kariery<a class=\"cursor-pointer\" rel=\"noopener\" data-start=\"2513\" data-end=\"2536\">@cfwrecruitment.com<\/a><br data-start=\"2536\" data-end=\"2539\" \/>\ud83d\udcde <strong data-start=\"2542\" data-end=\"2552\">Telefon:<\/strong> +353 86 2361904<br data-start=\"2571\" data-end=\"2574\" \/>\ud83c\udf10 <strong data-start=\"2577\" data-end=\"2589\">Strona internetowa:<\/strong> <a class=\"\" href=\"https:\/\/cfwrecruitment.com\/pl\/\" target=\"_new\" rel=\"noopener\" data-start=\"2590\" data-end=\"2646\">www.cfwrecruitment.com<\/a><\/p>\n<div id='gallery-1' class='gallery galleryid-1730 gallery-columns-3 gallery-size-thumbnail'><figure class='gallery-item'>\n\t\t\t<div class='gallery-icon landscape'>\n\t\t\t\t<a href='https:\/\/cfwrecruitment.com\/pl\/recruiting-top-talent-in-the-uae-dubai-abu-dhabi-beyond\/istockphoto-1572334424-612x612\/'><img decoding=\"async\" width=\"150\" height=\"150\" src=\"https:\/\/cfwrecruitment.com\/wp-content\/uploads\/2025\/06\/istockphoto-1572334424-612x612-1-150x150.webp\" class=\"attachment-thumbnail size-thumbnail\" alt=\"\" \/><\/a>\n\t\t\t<\/div><\/figure>\n\t\t<\/div>","protected":false},"excerpt":{"rendered":"<p>Recruiting Top Talent in the UAE \u2013 Dubai, Abu Dhabi &amp; BeyondAt CFW Recruitment, we are proud to extend our expert recruitment services into the dynamic and fast-paced markets of Dubai, Abu Dhabi, and the wider UAE. Known for their innovation, rapid growth, and global outlook, these cities are home to some of the world\u2019s [&hellip;]<\/p>\n","protected":false},"author":3,"featured_media":0,"parent":0,"menu_order":0,"comment_status":"closed","ping_status":"closed","template":"","meta":{"footnotes":""},"class_list":["post-1730","page","type-page","status-publish","hentry"],"_links":{"self":[{"href":"https:\/\/cfwrecruitment.com\/pl\/wp-json\/wp\/v2\/pages\/1730","targetHints":{"allow":["GET"]}}],"collection":[{"href":"https:\/\/cfwrecruitment.com\/pl\/wp-json\/wp\/v2\/pages"}],"about":[{"href":"https:\/\/cfwrecruitment.com\/pl\/wp-json\/wp\/v2\/types\/page"}],"author":[{"embeddable":true,"href":"https:\/\/cfwrecruitment.com\/pl\/wp-json\/wp\/v2\/users\/3"}],"replies":[{"embeddable":true,"href":"https:\/\/cfwrecruitment.com\/pl\/wp-json\/wp\/v2\/comments?post=1730"}],"version-history":[{"count":1,"href":"https:\/\/cfwrecruitment.com\/pl\/wp-json\/wp\/v2\/pages\/1730\/revisions"}],"predecessor-version":[{"id":1732,"href":"https:\/\/cfwrecruitment.com\/pl\/wp-json\/wp\/v2\/pages\/1730\/revisions\/1732"}],"wp:attachment":[{"href":"https:\/\/cfwrecruitment.com\/pl\/wp-json\/wp\/v2\/media?parent=1730"}],"curies":[{"name":"wp","href":"https:\/\/api.w.org\/{rel}","templated":true}]}}