{"id":496,"date":"2023-08-19T07:05:51","date_gmt":"2023-08-19T07:05:51","guid":{"rendered":"https:\/\/cfwrecruitment.com\/?page_id=496"},"modified":"2023-09-14T10:02:34","modified_gmt":"2023-09-14T10:02:34","slug":"about","status":"publish","type":"page","link":"https:\/\/cfwrecruitment.com\/pl\/about\/","title":{"rendered":"O Nas"},"content":{"rendered":"<div data-elementor-type=\"wp-page\" data-elementor-id=\"496\" class=\"elementor elementor-496\" data-elementor-post-type=\"page\">\n\t\t\t\t\t\t<section class=\"elementor-section elementor-top-section elementor-element elementor-element-55efc9c6 elementor-section-content-middle elementor-section-height-min-height elementor-section-boxed elementor-section-height-default elementor-section-items-middle\" data-id=\"55efc9c6\" data-element_type=\"section\" data-e-type=\"section\" data-settings=\"{&quot;background_background&quot;:&quot;video&quot;,&quot;background_video_link&quot;:&quot;https:\\\/\\\/youtu.be\\\/kkRmox9Grpk&quot;}\">\n\t\t\t\t\t\t\t\t<div class=\"elementor-background-video-container elementor-hidden-mobile\">\n\t\t\t\t\t\t\t\t\t\t\t\t\t<div class=\"elementor-background-video-embed\" role=\"presentation\"><\/div>\n\t\t\t\t\t\t\t\t\t\t\t\t<\/div>\n\t\t\t\t\t\t\t\t\t<div class=\"elementor-background-overlay\"><\/div>\n\t\t\t\t\t\t\t<div class=\"elementor-container elementor-column-gap-no\">\n\t\t\t\t\t<div class=\"elementor-column elementor-col-100 elementor-top-column elementor-element elementor-element-4562f830\" data-id=\"4562f830\" data-element_type=\"column\" data-e-type=\"column\">\n\t\t\t<div class=\"elementor-widget-wrap elementor-element-populated\">\n\t\t\t\t\t\t\t<\/div>\n\t\t<\/div>\n\t\t\t\t\t<\/div>\n\t\t<\/section>\n\t\t\t\t<section class=\"elementor-section elementor-top-section elementor-element elementor-element-e88fb63 elementor-section-boxed elementor-section-height-default elementor-section-height-default\" data-id=\"e88fb63\" data-element_type=\"section\" data-e-type=\"section\">\n\t\t\t\t\t\t<div class=\"elementor-container elementor-column-gap-default\">\n\t\t\t\t\t<div class=\"elementor-column elementor-col-50 elementor-top-column elementor-element elementor-element-e8f5fa6\" data-id=\"e8f5fa6\" data-element_type=\"column\" data-e-type=\"column\">\n\t\t\t<div class=\"elementor-widget-wrap elementor-element-populated\">\n\t\t\t\t\t\t<div class=\"elementor-element elementor-element-a143514 elementor-widget elementor-widget-heading\" data-id=\"a143514\" data-element_type=\"widget\" data-e-type=\"widget\" data-widget_type=\"heading.default\">\n\t\t\t\t<div class=\"elementor-widget-container\">\n\t\t\t\t\t<h2 class=\"elementor-heading-title elementor-size-default\">O NAS<\/h2>\t\t\t\t<\/div>\n\t\t\t\t<\/div>\n\t\t\t\t<div class=\"elementor-element elementor-element-c338091 elementor-invisible elementor-widget elementor-widget-image-box\" data-id=\"c338091\" data-element_type=\"widget\" data-e-type=\"widget\" data-settings=\"{&quot;_animation&quot;:&quot;fadeInUp&quot;}\" data-widget_type=\"image-box.default\">\n\t\t\t\t<div class=\"elementor-widget-container\">\n\t\t\t\t\t<div class=\"elementor-image-box-wrapper\"><div class=\"elementor-image-box-content\"><h3 class=\"elementor-image-box-title\">Zaufani eksperci z wieloletnim do\u015bwiadczeniem<\/h3><p class=\"elementor-image-box-description\">\nSkontaktuj si\u0119, aby dowiedzie\u0107 si\u0119, jak mo\u017cemy pom\u00f3c Ci w rekrutacji odpowiednich talent\u00f3w lub zdefiniowaniu kolejnego kroku w karierze.<\/p><\/div><\/div>\t\t\t\t<\/div>\n\t\t\t\t<\/div>\n\t\t\t\t\t<\/div>\n\t\t<\/div>\n\t\t\t\t<div class=\"elementor-column elementor-col-50 elementor-top-column elementor-element elementor-element-3ee9cc1\" data-id=\"3ee9cc1\" data-element_type=\"column\" data-e-type=\"column\">\n\t\t\t<div class=\"elementor-widget-wrap elementor-element-populated\">\n\t\t\t\t\t\t<div class=\"elementor-element elementor-element-ae12f8c elementor-invisible elementor-widget elementor-widget-image-box\" data-id=\"ae12f8c\" data-element_type=\"widget\" data-e-type=\"widget\" data-settings=\"{&quot;_animation&quot;:&quot;fadeInUp&quot;}\" data-widget_type=\"image-box.default\">\n\t\t\t\t<div class=\"elementor-widget-container\">\n\t\t\t\t\t<div class=\"elementor-image-box-wrapper\"><div class=\"elementor-image-box-content\"><p class=\"elementor-image-box-description\">Jeste\u015bmy dumni, \u017ce jeste\u015bmy wiod\u0105cym specjalist\u0105 ds. rekrutacji specjalist\u00f3w z zakresu bankowo\u015bci i finans\u00f3w. Pomagamy rozwi\u0105za\u0107 wyzwanie numer jeden: talent. Obecnie zapewniamy rozwi\u0105zania w zakresie rekrutacji sta\u0142ej, kontraktowej i wieloosobowej w specjalistycznych sektorach, w tym ksi\u0119gowo\u015b\u0107 finansowa, kontrola wewn\u0119trzna, audyt, planowanie finansowe, zarz\u0105dzanie ryzykiem, zarz\u0105dzanie maj\u0105tkiem prywatnym, prawo i zgodno\u015b\u0107, zarz\u0105dzanie inwestycjami, analityka ilo\u015bciowa, technologia finansowa, bankowo\u015b\u0107 inwestycyjna , ubezpieczenia i aktuarialne.<\/p><\/div><\/div>\t\t\t\t<\/div>\n\t\t\t\t<\/div>\n\t\t\t\t\t<\/div>\n\t\t<\/div>\n\t\t\t\t\t<\/div>\n\t\t<\/section>\n\t\t\t\t<section class=\"elementor-section elementor-top-section elementor-element elementor-element-789d613 elementor-section-boxed elementor-section-height-default elementor-section-height-default\" data-id=\"789d613\" data-element_type=\"section\" data-e-type=\"section\" data-settings=\"{&quot;background_background&quot;:&quot;classic&quot;}\">\n\t\t\t\t\t\t<div class=\"elementor-container elementor-column-gap-default\">\n\t\t\t\t\t<div class=\"elementor-column elementor-col-50 elementor-top-column elementor-element elementor-element-674ae33\" data-id=\"674ae33\" data-element_type=\"column\" data-e-type=\"column\">\n\t\t\t<div class=\"elementor-widget-wrap elementor-element-populated\">\n\t\t\t\t\t\t<div class=\"elementor-element elementor-element-33e60dc elementor-widget elementor-widget-image\" data-id=\"33e60dc\" data-element_type=\"widget\" data-e-type=\"widget\" data-widget_type=\"image.default\">\n\t\t\t\t<div class=\"elementor-widget-container\">\n\t\t\t\t\t\t\t\t\t\t\t\t\t\t\t<img fetchpriority=\"high\" decoding=\"async\" width=\"1439\" height=\"1080\" src=\"https:\/\/cfwrecruitment.com\/wp-content\/uploads\/2023\/09\/Untitled-design-8-1.jpg\" class=\"attachment-full size-full wp-image-1456\" alt=\"\" srcset=\"https:\/\/cfwrecruitment.com\/wp-content\/uploads\/2023\/09\/Untitled-design-8-1.jpg 1439w, https:\/\/cfwrecruitment.com\/wp-content\/uploads\/2023\/09\/Untitled-design-8-1-300x225.jpg 300w, https:\/\/cfwrecruitment.com\/wp-content\/uploads\/2023\/09\/Untitled-design-8-1-1024x769.jpg 1024w, https:\/\/cfwrecruitment.com\/wp-content\/uploads\/2023\/09\/Untitled-design-8-1-768x576.jpg 768w\" sizes=\"(max-width: 1439px) 100vw, 1439px\" \/>\t\t\t\t\t\t\t\t\t\t\t\t\t\t\t<\/div>\n\t\t\t\t<\/div>\n\t\t\t\t\t<\/div>\n\t\t<\/div>\n\t\t\t\t<div class=\"elementor-column elementor-col-50 elementor-top-column elementor-element elementor-element-062ce40\" data-id=\"062ce40\" data-element_type=\"column\" data-e-type=\"column\">\n\t\t\t<div class=\"elementor-widget-wrap elementor-element-populated\">\n\t\t\t\t\t\t<div class=\"elementor-element elementor-element-d59dd95 elementor-widget elementor-widget-heading\" data-id=\"d59dd95\" data-element_type=\"widget\" data-e-type=\"widget\" data-widget_type=\"heading.default\">\n\t\t\t\t<div class=\"elementor-widget-container\">\n\t\t\t\t\t<h2 class=\"elementor-heading-title elementor-size-default\">Nasza wiedza<\/h2>\t\t\t\t<\/div>\n\t\t\t\t<\/div>\n\t\t\t\t<div class=\"elementor-element elementor-element-287f2df elementor-invisible elementor-widget elementor-widget-image-box\" data-id=\"287f2df\" data-element_type=\"widget\" data-e-type=\"widget\" data-settings=\"{&quot;_animation&quot;:&quot;fadeInUp&quot;}\" data-widget_type=\"image-box.default\">\n\t\t\t\t<div class=\"elementor-widget-container\">\n\t\t\t\t\t<div class=\"elementor-image-box-wrapper\"><div class=\"elementor-image-box-content\"><h3 class=\"elementor-image-box-title\">Osobiste po\u0142\u0105czenie na skal\u0119 globaln\u0105<\/h3><p class=\"elementor-image-box-description\">CFW buduje zaufanie nie s\u0142owami, ale czynami, kt\u00f3re prowadz\u0105 do pozytywnych wynik\u00f3w w procesie rekrutacji. Tworzymy warto\u015b\u0107 dodan\u0105 dla organizacji zatrudniaj\u0105cych i os\u00f3b poszukuj\u0105cych pracy, stale rozwijaj\u0105c si\u0119, aby dopasowa\u0107 si\u0119 do rozwoju rynk\u00f3w, na kt\u00f3rych pracujemy. CFW Recruitment to ekspercka agencja rekrutacyjna w dziedzinie ksi\u0119gowo\u015bci i finans\u00f3w, dzia\u0142aj\u0105ca w Irlandii, Polsce i Wielkiej Brytanii. Nasz wyspecjalizowany zesp\u00f3\u0142 rozumie niuanse bran\u017cy finansowej i posiada rozleg\u0142\u0105 sie\u0107 kontakt\u00f3w w tych regionach. Wykazujemy si\u0119 bieg\u0142o\u015bci\u0105 w pozyskiwaniu i strategicznym rozmieszczaniu specjalist\u00f3w z ca\u0142ego spektrum, od kadry kierowniczej wy\u017cszego szczebla po stanowiska podstawowe. Nasze d\u0105\u017cenie do doskona\u0142o\u015bci jest widoczne w rygorystycznym procesie selekcji kandydat\u00f3w, zapewniaj\u0105cym naszym klientom tylko najlepszych kandydat\u00f3w. Dzi\u0119ki g\u0142\u0119bokiej wiedzy lokalnej zapewniamy dostosowane do Twoich potrzeb rozwi\u0105zania kadrowe. Niezale\u017cnie od tego, czy prowadzisz firm\u0119, czy szukasz pracy, CFW Recruitment jest Twoim zaufanym partnerem w tych regionach w zakresie personelu ksi\u0119gowego i finansowego.<\/p><\/div><\/div>\t\t\t\t<\/div>\n\t\t\t\t<\/div>\n\t\t\t\t\t<\/div>\n\t\t<\/div>\n\t\t\t\t\t<\/div>\n\t\t<\/section>\n\t\t\t\t<section class=\"elementor-section elementor-top-section elementor-element elementor-element-b26745c elementor-section-boxed elementor-section-height-default elementor-section-height-default\" data-id=\"b26745c\" data-element_type=\"section\" data-e-type=\"section\">\n\t\t\t\t\t\t<div class=\"elementor-container elementor-column-gap-default\">\n\t\t\t\t\t<div class=\"elementor-column elementor-col-100 elementor-top-column elementor-element elementor-element-a8877b7\" data-id=\"a8877b7\" data-element_type=\"column\" data-e-type=\"column\">\n\t\t\t<div class=\"elementor-widget-wrap elementor-element-populated\">\n\t\t\t\t\t\t<div class=\"elementor-element elementor-element-45bf9e9 elementor-invisible elementor-widget elementor-widget-image-box\" data-id=\"45bf9e9\" data-element_type=\"widget\" data-e-type=\"widget\" data-settings=\"{&quot;_animation&quot;:&quot;fadeInUp&quot;}\" data-widget_type=\"image-box.default\">\n\t\t\t\t<div class=\"elementor-widget-container\">\n\t\t\t\t\t<div class=\"elementor-image-box-wrapper\"><div class=\"elementor-image-box-content\"><h3 class=\"elementor-image-box-title\">nasze g\u0142\u00f3wne warto\u015bci<\/h3><\/div><\/div>\t\t\t\t<\/div>\n\t\t\t\t<\/div>\n\t\t\t\t<div class=\"elementor-element elementor-element-9f1e669 elementor-testimonial--skin-bubble elementor-testimonial--layout-image_inline elementor-testimonial--align-center elementor-arrows-yes elementor-pagination-type-bullets elementor-widget elementor-widget-testimonial-carousel\" data-id=\"9f1e669\" data-element_type=\"widget\" data-e-type=\"widget\" data-settings=\"{&quot;slides_per_view&quot;:&quot;3&quot;,&quot;show_arrows&quot;:&quot;yes&quot;,&quot;pagination&quot;:&quot;bullets&quot;,&quot;speed&quot;:500,&quot;autoplay&quot;:&quot;yes&quot;,&quot;autoplay_speed&quot;:5000,&quot;loop&quot;:&quot;yes&quot;,&quot;pause_on_hover&quot;:&quot;yes&quot;,&quot;pause_on_interaction&quot;:&quot;yes&quot;,&quot;space_between&quot;:{&quot;unit&quot;:&quot;px&quot;,&quot;size&quot;:10,&quot;sizes&quot;:[]},&quot;space_between_tablet&quot;:{&quot;unit&quot;:&quot;px&quot;,&quot;size&quot;:10,&quot;sizes&quot;:[]},&quot;space_between_mobile&quot;:{&quot;unit&quot;:&quot;px&quot;,&quot;size&quot;:10,&quot;sizes&quot;:[]}}\" data-widget_type=\"testimonial-carousel.default\">\n\t\t\t\t<div class=\"elementor-widget-container\">\n\t\t\t\t\t\t\t\t\t<div class=\"elementor-swiper\">\n\t\t\t\t\t<div class=\"elementor-main-swiper swiper\" role=\"region\" aria-roledescription=\"carousel\" aria-label=\"Slajdy\">\n\t\t\t\t<div class=\"swiper-wrapper\">\n\t\t\t\t\t\t\t\t\t\t\t<div class=\"swiper-slide\" role=\"group\" aria-roledescription=\"slide\">\n\t\t\t\t\t\t\t\t\t<div class=\"elementor-testimonial\">\n\t\t\t\t\t\t\t<div class=\"elementor-testimonial__content\">\n\t\t\t\t\t<div class=\"elementor-testimonial__text\">\n\t\t\t\t\t\t<b>1. Ekspertyza i wiedza bran\u017cowa<\/b><br>\nNasza agencja opiera si\u0119 na solidnym fundamencie specjalistycznej wiedzy i wiedzy bran\u017cowej. D\u0105\u017cymy do pozostania w czo\u0142\u00f3wce sektora finansowego, stale poszerzaj\u0105c nasz\u0105 wiedz\u0119 na temat trend\u00f3w bran\u017cowych, przepis\u00f3w i pojawiaj\u0105cych si\u0119 technologii. Nasz zesp\u00f3\u0142 sk\u0142ada si\u0119 z ekspert\u00f3w, kt\u00f3rzy wnosz\u0105 g\u0142\u0119bokie zrozumienie krajobrazu us\u0142ug finansowych, co pozwala nam zapewnia\u0107 \u015bwiadome wytyczne i dostarcza\u0107 dostosowane do indywidualnych potrzeb rozwi\u0105zania naszym klientom i kandydatom.\t\t\t\t\t<\/div>\n\t\t\t\t\t\t\t\t\t<\/div>\n\t\t\t\t\t\t<div class=\"elementor-testimonial__footer\">\n\t\t\t\t\t\t\t\t\t\t\t<\/div>\n\t\t<\/div>\n\t\t\t\t\t\t\t\t<\/div>\n\t\t\t\t\t\t\t\t\t\t\t<div class=\"swiper-slide\" role=\"group\" aria-roledescription=\"slide\">\n\t\t\t\t\t\t\t\t\t<div class=\"elementor-testimonial\">\n\t\t\t\t\t\t\t<div class=\"elementor-testimonial__content\">\n\t\t\t\t\t<div class=\"elementor-testimonial__text\">\n\t\t\t\t\t\t<b>2. Podej\u015bcie skoncentrowane na kliencie<\/b><br>\nKierujemy si\u0119 filozofi\u0105 skupion\u0105 na kliencie. Miar\u0105 naszego sukcesu jest sukces naszych klient\u00f3w. Priorytetem jest dla nas budowanie d\u0142ugoterminowych partnerstw poprzez konsekwentne dostarczanie wyj\u0105tkowych us\u0142ug i wynik\u00f3w. Po\u015bwi\u0119camy czas, aby naprawd\u0119 zrozumie\u0107 potrzeby, wyzwania i cele naszych klient\u00f3w. Ka\u017cde oferowane przez nas rozwi\u0105zanie rekrutacyjne jest dostosowane do unikalnych wymaga\u0144 ka\u017cdego klienta, dzi\u0119ki czemu pozytywnie przyczyniamy si\u0119 do jego rozwoju i sukcesu.\t\t\t\t\t<\/div>\n\t\t\t\t\t\t\t\t\t<\/div>\n\t\t\t\t\t\t<div class=\"elementor-testimonial__footer\">\n\t\t\t\t\t\t\t\t\t\t\t<\/div>\n\t\t<\/div>\n\t\t\t\t\t\t\t\t<\/div>\n\t\t\t\t\t\t\t\t\t\t\t<div class=\"swiper-slide\" role=\"group\" aria-roledescription=\"slide\">\n\t\t\t\t\t\t\t\t\t<div class=\"elementor-testimonial\">\n\t\t\t\t\t\t\t<div class=\"elementor-testimonial__content\">\n\t\t\t\t\t<div class=\"elementor-testimonial__text\">\n\t\t\t\t\t\t<b>3. Zaanga\u017cowanie w r\u00f3\u017cnorodno\u015b\u0107 i w\u0142\u0105czenie spo\u0142eczne<\/b><br>\nR\u00f3\u017cnorodno\u015b\u0107 i w\u0142\u0105czenie spo\u0142eczne to nie tylko modne has\u0142a; s\u0105 to podstawowe warto\u015bci le\u017c\u0105ce u podstaw naszej agencji. Zale\u017cy nam na wspieraniu r\u00f3\u017cnorodnych i w\u0142\u0105czaj\u0105cych miejsc pracy w bran\u017cy finansowej. Aktywnie wyszukujemy i doceniamy talenty ze wszystkich \u015brodowisk, dbaj\u0105c o to, aby mo\u017cliwo\u015bci by\u0142y dost\u0119pne dla ka\u017cdego. Wierzymy, \u017ce r\u00f3\u017cnorodno\u015b\u0107 sprzyja innowacyjno\u015bci i kreatywno\u015bci oraz jest si\u0142\u0105 nap\u0119dow\u0105 sukcesu zar\u00f3wno naszych klient\u00f3w, jak i kandydat\u00f3w, kt\u00f3rych zatrudniamy.\t\t\t\t\t<\/div>\n\t\t\t\t\t\t\t\t\t<\/div>\n\t\t\t\t\t\t<div class=\"elementor-testimonial__footer\">\n\t\t\t\t\t\t\t\t\t\t\t<\/div>\n\t\t<\/div>\n\t\t\t\t\t\t\t\t<\/div>\n\t\t\t\t\t\t\t\t\t\t\t<div class=\"swiper-slide\" role=\"group\" aria-roledescription=\"slide\">\n\t\t\t\t\t\t\t\t\t<div class=\"elementor-testimonial\">\n\t\t\t\t\t\t\t<div class=\"elementor-testimonial__content\">\n\t\t\t\t\t<div class=\"elementor-testimonial__text\">\n\t\t\t\t\t\t<b>4. Uczciwo\u015b\u0107 i etyczne post\u0119powanie<\/b><br>\nUczciwo\u015b\u0107 jest podstaw\u0105 naszej agencji. W ka\u017cdym aspekcie naszej dzia\u0142alno\u015bci kierujemy si\u0119 niezachwianym post\u0119powaniem etycznym. Zale\u017cy nam na przestrzeganiu najwy\u017cszych standard\u00f3w uczciwo\u015bci, przejrzysto\u015bci i uczciwo\u015bci w naszych kontaktach zar\u00f3wno z klientami, jak i kandydatami. Nasza reputacja opiera si\u0119 na zaufaniu i konsekwentnie stawiamy na pierwszym miejscu dobro wszystkich interesariuszy. Wierzymy, \u017ce etyczne zachowanie to nie tylko wyb\u00f3r; to jedyny spos\u00f3b na robienie interes\u00f3w.\t\t\t\t\t<\/div>\n\t\t\t\t\t\t\t\t\t<\/div>\n\t\t\t\t\t\t<div class=\"elementor-testimonial__footer\">\n\t\t\t\t\t\t\t\t\t\t\t<\/div>\n\t\t<\/div>\n\t\t\t\t\t\t\t\t<\/div>\n\t\t\t\t\t\t\t\t\t\t\t<div class=\"swiper-slide\" role=\"group\" aria-roledescription=\"slide\">\n\t\t\t\t\t\t\t\t\t<div class=\"elementor-testimonial\">\n\t\t\t\t\t\t\t<div class=\"elementor-testimonial__content\">\n\t\t\t\t\t<div class=\"elementor-testimonial__text\">\n\t\t\t\t\t\t<b>5. Rozw\u00f3j kandydata<\/b><br>\nW naszej agencji wierzymy w rozw\u00f3j kandydat\u00f3w. Rozumiemy, \u017ce podstaw\u0105 naszego sukcesu jest satysfakcja i sukces kandydat\u00f3w, kt\u00f3rym obs\u0142ugujemy. Dok\u0142adamy wszelkich stara\u0144, aby zapewni\u0107 kandydatom wiedz\u0119, narz\u0119dzia i zasoby, kt\u00f3rych potrzebuj\u0105, aby podejmowa\u0107 \u015bwiadome decyzje zawodowe. Staramy si\u0119 wspiera\u0107 rozw\u00f3j kandydat\u00f3w, oferuj\u0105c im wskaz\u00f3wki, opiek\u0119 mentorsk\u0105 i spersonalizowane wsparcie na ca\u0142ej ich drodze kariery. Nasze zaanga\u017cowanie w rozw\u00f3j kandydat\u00f3w gwarantuje, \u017ce nie tylko znajdziemy prac\u0119; pomagamy jednostkom budowa\u0107 znacz\u0105ce i satysfakcjonuj\u0105ce kariery w sektorze finansowym.\t\t\t\t\t<\/div>\n\t\t\t\t\t\t\t\t\t<\/div>\n\t\t\t\t\t\t<div class=\"elementor-testimonial__footer\">\n\t\t\t\t\t\t\t\t\t\t\t<\/div>\n\t\t<\/div>\n\t\t\t\t\t\t\t\t<\/div>\n\t\t\t\t\t\t\t\t\t<\/div>\n\t\t\t\t\t\t\t\t\t\t\t\t\t\t\t<div class=\"elementor-swiper-button elementor-swiper-button-prev\" role=\"button\" tabindex=\"0\" aria-label=\"Poprzedni\">\n\t\t\t\t\t\t\t<i aria-hidden=\"true\" class=\"eicon-chevron-left\"><\/i>\t\t\t\t\t\t<\/div>\n\t\t\t\t\t\t<div class=\"elementor-swiper-button elementor-swiper-button-next\" role=\"button\" tabindex=\"0\" aria-label=\"Nast\u0119pny\">\n\t\t\t\t\t\t\t<i aria-hidden=\"true\" class=\"eicon-chevron-right\"><\/i>\t\t\t\t\t\t<\/div>\n\t\t\t\t\t\t\t\t\t\t\t\t\t\t\t\t<div class=\"swiper-pagination\"><\/div>\n\t\t\t\t\t\t\t\t\t\t\t\t<\/div>\n\t\t\t\t<\/div>\n\t\t\t\t\t\t\t\t<\/div>\n\t\t\t\t<\/div>\n\t\t\t\t\t<\/div>\n\t\t<\/div>\n\t\t\t\t\t<\/div>\n\t\t<\/section>\n\t\t\t\t<section class=\"elementor-section elementor-top-section elementor-element elementor-element-6cb5b8e elementor-section-height-min-height elementor-section-items-stretch elementor-section-boxed elementor-section-height-default\" data-id=\"6cb5b8e\" data-element_type=\"section\" data-e-type=\"section\" data-settings=\"{&quot;background_background&quot;:&quot;classic&quot;}\">\n\t\t\t\t\t\t<div class=\"elementor-container elementor-column-gap-default\">\n\t\t\t\t\t<div class=\"elementor-column elementor-col-50 elementor-top-column elementor-element elementor-element-6cc6160\" data-id=\"6cc6160\" data-element_type=\"column\" data-e-type=\"column\">\n\t\t\t<div class=\"elementor-widget-wrap elementor-element-populated\">\n\t\t\t\t\t\t<div class=\"elementor-element elementor-element-2e00e4a elementor-invisible elementor-widget elementor-widget-image-box\" data-id=\"2e00e4a\" data-element_type=\"widget\" data-e-type=\"widget\" data-settings=\"{&quot;_animation&quot;:&quot;fadeInUp&quot;}\" data-widget_type=\"image-box.default\">\n\t\t\t\t<div class=\"elementor-widget-container\">\n\t\t\t\t\t<div class=\"elementor-image-box-wrapper\"><div class=\"elementor-image-box-content\"><h3 class=\"elementor-image-box-title\">Potrzebujesz konsultacji?<\/h3><p class=\"elementor-image-box-description\">Um\u00f3w si\u0119 z nami na rozmow\u0119 ju\u017c dzi\u015b\n\n<\/p><\/div><\/div>\t\t\t\t<\/div>\n\t\t\t\t<\/div>\n\t\t\t\t\t<\/div>\n\t\t<\/div>\n\t\t\t\t<div class=\"elementor-column elementor-col-50 elementor-top-column elementor-element elementor-element-3d24cd9\" data-id=\"3d24cd9\" data-element_type=\"column\" data-e-type=\"column\">\n\t\t\t<div class=\"elementor-widget-wrap elementor-element-populated\">\n\t\t\t\t\t\t<div class=\"elementor-element elementor-element-bcea0d8 elementor-align-left elementor-widget__width-auto my-animate-btn elementor-widget elementor-widget-button\" data-id=\"bcea0d8\" data-element_type=\"widget\" data-e-type=\"widget\" data-widget_type=\"button.default\">\n\t\t\t\t<div class=\"elementor-widget-container\">\n\t\t\t\t\t\t\t\t\t<div class=\"elementor-button-wrapper\">\n\t\t\t\t\t<a class=\"elementor-button elementor-button-link elementor-size-sm\" href=\"https:\/\/cfwrecruitment.com\/pl\/contact\/\">\n\t\t\t\t\t\t<span class=\"elementor-button-content-wrapper\">\n\t\t\t\t\t\t<span class=\"elementor-button-icon\">\n\t\t\t\t<i aria-hidden=\"true\" class=\"fab fa-telegram-plane\"><\/i>\t\t\t<\/span>\n\t\t\t\t\t\t\t\t\t<span class=\"elementor-button-text\">Zaplanuj teraz<\/span>\n\t\t\t\t\t<\/span>\n\t\t\t\t\t<\/a>\n\t\t\t\t<\/div>\n\t\t\t\t\t\t\t\t<\/div>\n\t\t\t\t<\/div>\n\t\t\t\t\t<\/div>\n\t\t<\/div>\n\t\t\t\t\t<\/div>\n\t\t<\/section>\n\t\t\t\t<\/div>","protected":false},"excerpt":{"rendered":"<p>ABOUT US Trusted experts with years of experience Get in touch to discover how we can help you recruit the right talent or define your next career move. We are proud to be a leading specialist banking and financial services recruiter. We help solve the number one challenge: talent. Today, we provide permanent, contract and [&hellip;]<\/p>\n","protected":false},"author":1,"featured_media":0,"parent":0,"menu_order":0,"comment_status":"closed","ping_status":"closed","template":"","meta":{"footnotes":""},"class_list":["post-496","page","type-page","status-publish","hentry"],"_links":{"self":[{"href":"https:\/\/cfwrecruitment.com\/pl\/wp-json\/wp\/v2\/pages\/496","targetHints":{"allow":["GET"]}}],"collection":[{"href":"https:\/\/cfwrecruitment.com\/pl\/wp-json\/wp\/v2\/pages"}],"about":[{"href":"https:\/\/cfwrecruitment.com\/pl\/wp-json\/wp\/v2\/types\/page"}],"author":[{"embeddable":true,"href":"https:\/\/cfwrecruitment.com\/pl\/wp-json\/wp\/v2\/users\/1"}],"replies":[{"embeddable":true,"href":"https:\/\/cfwrecruitment.com\/pl\/wp-json\/wp\/v2\/comments?post=496"}],"version-history":[{"count":60,"href":"https:\/\/cfwrecruitment.com\/pl\/wp-json\/wp\/v2\/pages\/496\/revisions"}],"predecessor-version":[{"id":1476,"href":"https:\/\/cfwrecruitment.com\/pl\/wp-json\/wp\/v2\/pages\/496\/revisions\/1476"}],"wp:attachment":[{"href":"https:\/\/cfwrecruitment.com\/pl\/wp-json\/wp\/v2\/media?parent=496"}],"curies":[{"name":"wp","href":"https:\/\/api.w.org\/{rel}","templated":true}]}}