{"id":839,"date":"2023-08-27T09:17:27","date_gmt":"2023-08-27T09:17:27","guid":{"rendered":"https:\/\/cfwrecruitment.com\/?page_id=839"},"modified":"2023-08-27T12:15:11","modified_gmt":"2023-08-27T12:15:11","slug":"blog","status":"publish","type":"page","link":"https:\/\/cfwrecruitment.com\/pl\/blog\/","title":{"rendered":"Bloga"},"content":{"rendered":"<div data-elementor-type=\"wp-page\" data-elementor-id=\"839\" class=\"elementor elementor-839\" data-elementor-post-type=\"page\">\n\t\t\t\t\t\t<section class=\"elementor-section elementor-top-section elementor-element elementor-element-88a36bf elementor-section-content-middle elementor-section-height-min-height elementor-section-boxed elementor-section-height-default elementor-section-items-middle\" data-id=\"88a36bf\" data-element_type=\"section\" data-e-type=\"section\" data-settings=\"{&quot;background_background&quot;:&quot;classic&quot;}\">\n\t\t\t\t\t\t\t<div class=\"elementor-background-overlay\"><\/div>\n\t\t\t\t\t\t\t<div class=\"elementor-container elementor-column-gap-no\">\n\t\t\t\t\t<div class=\"elementor-column elementor-col-100 elementor-top-column elementor-element elementor-element-250e507\" data-id=\"250e507\" data-element_type=\"column\" data-e-type=\"column\">\n\t\t\t<div class=\"elementor-widget-wrap elementor-element-populated\">\n\t\t\t\t\t\t\t<\/div>\n\t\t<\/div>\n\t\t\t\t\t<\/div>\n\t\t<\/section>\n\t\t\t\t<section class=\"elementor-section elementor-top-section elementor-element elementor-element-e4c4df2 elementor-section-boxed elementor-section-height-default elementor-section-height-default\" data-id=\"e4c4df2\" data-element_type=\"section\" data-e-type=\"section\" data-settings=\"{&quot;background_background&quot;:&quot;classic&quot;}\">\n\t\t\t\t\t\t<div class=\"elementor-container elementor-column-gap-default\">\n\t\t\t\t\t<div class=\"elementor-column elementor-col-50 elementor-top-column elementor-element elementor-element-a7f4e9f\" data-id=\"a7f4e9f\" data-element_type=\"column\" data-e-type=\"column\">\n\t\t\t<div class=\"elementor-widget-wrap elementor-element-populated\">\n\t\t\t\t\t\t<section class=\"elementor-section elementor-inner-section elementor-element elementor-element-ca6b8fe elementor-section-boxed elementor-section-height-default elementor-section-height-default\" data-id=\"ca6b8fe\" data-element_type=\"section\" data-e-type=\"section\" data-settings=\"{&quot;background_background&quot;:&quot;classic&quot;}\">\n\t\t\t\t\t\t<div class=\"elementor-container elementor-column-gap-default\">\n\t\t\t\t\t<div class=\"elementor-column elementor-col-100 elementor-inner-column elementor-element elementor-element-37ddf09\" data-id=\"37ddf09\" data-element_type=\"column\" data-e-type=\"column\">\n\t\t\t<div class=\"elementor-widget-wrap elementor-element-populated\">\n\t\t\t\t\t\t<div class=\"elementor-element elementor-element-507ebfd jet-smart-filter-content-position-column jet-smart-filter-group-position-column elementor-widget elementor-widget-jet-smart-filters-select\" data-id=\"507ebfd\" data-element_type=\"widget\" data-e-type=\"widget\" data-widget_type=\"jet-smart-filters-select.default\">\n\t\t\t\t<div class=\"elementor-widget-container\">\n\t\t\t\t\t<div class=\"jet-smart-filters-select jet-filter\" data-indexer-rule=\"show\" data-show-counter=\"\" data-change-counter=\"always\"><div class=\"jet-filter-label\">Kategoria filtra<\/div>\n<div class=\"jet-select\" data-query-type=\"tax_query\" data-query-var=\"category\" data-smart-filter=\"select\" data-filter-id=\"850\" data-apply-type=\"ajax\" data-content-provider=\"epro-posts\" data-additional-providers=\"\" data-query-id=\"default\" data-active-label=\"Filter Category\" data-layout-options=\"{&quot;show_label&quot;:true,&quot;display_options&quot;:{&quot;show_items_label&quot;:false,&quot;show_decorator&quot;:false,&quot;filter_image_size&quot;:&quot;full&quot;,&quot;show_counter&quot;:false}}\" data-query-var-suffix=\"\" data-apply-on=\"value\">\n\t\t\t\t<select\n\t\t\tclass=\"jet-select__control\"\n\t\t\tname=\"category\"\n\t\t\t\t\t\taria-label=\"Kategoria filtra\"\n\t\t>\n\t\t\n\t\t\t\t\t<option\n\t\t\t\tvalue=\"\"\n\t\t\t\tdata-label=\"Select Topic\"\n\t\t\t\tdata-counter-prefix=\"\"\n\t\t\t\tdata-counter-suffix=\"\"\n\t\t\t\t\t\t\t\t\t\t\t>Wybierz Temat<\/option>\n\t\t\t\t\t\t<option\n\t\t\t\tvalue=\"16\"\n\t\t\t\tdata-label=\"Management advice\"\n\t\t\t\tdata-counter-prefix=\"\"\n\t\t\t\tdata-counter-suffix=\"\"\n\t\t\t\t\t\t\t\t\t\t\t>Porady zarz\u0105dcze<\/option>\n\t\t\t\t\t\t<option\n\t\t\t\tvalue=\"18\"\n\t\t\t\tdata-label=\"Media centre\"\n\t\t\t\tdata-counter-prefix=\"\"\n\t\t\t\tdata-counter-suffix=\"\"\n\t\t\t\t\t\t\t\t\t\t\t>Centrum medialne<\/option>\n\t\t\t\t\t\t<option\n\t\t\t\tvalue=\"1\"\n\t\t\t\tdata-label=\"News\"\n\t\t\t\tdata-counter-prefix=\"\"\n\t\t\t\tdata-counter-suffix=\"\"\n\t\t\t\t\t\t\t\t\t\t\t>Aktualno\u015bci<\/option>\n\t\t\t\t\t\t<option\n\t\t\t\tvalue=\"20\"\n\t\t\t\tdata-label=\"Private wealth management\"\n\t\t\t\tdata-counter-prefix=\"\"\n\t\t\t\tdata-counter-suffix=\"\"\n\t\t\t\t\t\t\t\t\t\t\t>Zarz\u0105dzanie maj\u0105tkiem prywatnym<\/option>\n\t\t\t<\/select>\n\t<\/div>\n<\/div>\t\t\t\t<\/div>\n\t\t\t\t<\/div>\n\t\t\t\t\t<\/div>\n\t\t<\/div>\n\t\t\t\t\t<\/div>\n\t\t<\/section>\n\t\t\t\t\t<\/div>\n\t\t<\/div>\n\t\t\t\t<div class=\"elementor-column elementor-col-50 elementor-top-column elementor-element elementor-element-6994901\" data-id=\"6994901\" data-element_type=\"column\" data-e-type=\"column\">\n\t\t\t<div class=\"elementor-widget-wrap elementor-element-populated\">\n\t\t\t\t\t\t<section class=\"elementor-section elementor-inner-section elementor-element elementor-element-01803e8 elementor-section-boxed elementor-section-height-default elementor-section-height-default\" data-id=\"01803e8\" data-element_type=\"section\" data-e-type=\"section\" data-settings=\"{&quot;background_background&quot;:&quot;classic&quot;}\">\n\t\t\t\t\t\t<div class=\"elementor-container elementor-column-gap-default\">\n\t\t\t\t\t<div class=\"elementor-column elementor-col-100 elementor-inner-column elementor-element elementor-element-588a0eb\" data-id=\"588a0eb\" data-element_type=\"column\" data-e-type=\"column\">\n\t\t\t<div class=\"elementor-widget-wrap elementor-element-populated\">\n\t\t\t\t\t\t<div class=\"elementor-element elementor-element-b077512 elementor-grid-2 elementor-grid-tablet-2 elementor-grid-mobile-1 elementor-posts--thumbnail-top elementor-card-shadow-yes elementor-posts__hover-gradient elementor-widget elementor-widget-posts\" data-id=\"b077512\" data-element_type=\"widget\" data-e-type=\"widget\" data-settings=\"{&quot;cards_columns&quot;:&quot;2&quot;,&quot;cards_columns_tablet&quot;:&quot;2&quot;,&quot;cards_columns_mobile&quot;:&quot;1&quot;,&quot;cards_row_gap&quot;:{&quot;unit&quot;:&quot;px&quot;,&quot;size&quot;:35,&quot;sizes&quot;:[]},&quot;cards_row_gap_tablet&quot;:{&quot;unit&quot;:&quot;px&quot;,&quot;size&quot;:&quot;&quot;,&quot;sizes&quot;:[]},&quot;cards_row_gap_mobile&quot;:{&quot;unit&quot;:&quot;px&quot;,&quot;size&quot;:&quot;&quot;,&quot;sizes&quot;:[]}}\" data-widget_type=\"posts.cards\">\n\t\t\t\t<div class=\"elementor-widget-container\">\n\t\t\t\t\t\t\t<div class=\"elementor-posts-container elementor-posts elementor-posts--skin-cards elementor-grid\">\n\t\t\t\t<article class=\"elementor-post elementor-grid-item post-1708 post type-post status-publish format-standard hentry category-news\">\n\t\t\t<div class=\"elementor-post__card\">\n\t\t\t\t<div class=\"elementor-post__text\">\n\t\t\t\t<h3 class=\"elementor-post__title\">\n\t\t\t<a href=\"https:\/\/cfwrecruitment.com\/pl\/navigating-career-transition-in-finance-coaching-tips-from-cfw-recruitment\/\" >\n\t\t\t\tPoruszanie si\u0119 po zmianie kariery w finansach: porady coachingowe od CFW Recruitment\t\t\t<\/a>\n\t\t<\/h3>\n\t\t\t\t<div class=\"elementor-post__excerpt\">\n\t\t\t<p>Poruszanie si\u0119 po zmianie kariery w finansach: porady coachingowe od CFW W dzisiejszym szybko zmieniaj\u0105cym si\u0119 \u015bwiecie finans\u00f3w zmiana jest czym\u015b wi\u0119cej ni\u017c powszechna \u2014 cz\u0119sto jest konieczna. Niezale\u017cnie od tego, czy jeste\u015b<\/p>\n\t\t<\/div>\n\t\t\n\t\t<a class=\"elementor-post__read-more\" href=\"https:\/\/cfwrecruitment.com\/pl\/navigating-career-transition-in-finance-coaching-tips-from-cfw-recruitment\/\" aria-label=\"Dowiedz si\u0119 wi\u0119cej o nawigacji po przej\u015bciu kariery w finansach: porady coachingowe od CFW Recruitment\" tabindex=\"-1\" >\n\t\t\tCzytaj wi\u0119cej &quot;\t\t<\/a>\n\n\t\t\t\t<\/div>\n\t\t\t\t<div class=\"elementor-post__meta-data\">\n\t\t\t\t\t<span class=\"elementor-post-date\">\n\t\t\t19 czerwca 2025\t\t<\/span>\n\t\t\t\t<\/div>\n\t\t\t\t\t<\/div>\n\t\t<\/article>\n\t\t\t\t<article class=\"elementor-post elementor-grid-item post-271 post type-post status-publish format-standard has-post-thumbnail hentry category-management-advice\">\n\t\t\t<div class=\"elementor-post__card\">\n\t\t\t\t<a class=\"elementor-post__thumbnail__link\" href=\"https:\/\/cfwrecruitment.com\/pl\/unlocking-your-financial-future-cfws-innovative-approach-to-finance-sector-recruitment\/\" tabindex=\"-1\" ><div class=\"elementor-post__thumbnail\"><img fetchpriority=\"high\" decoding=\"async\" width=\"768\" height=\"474\" src=\"https:\/\/cfwrecruitment.com\/wp-content\/uploads\/2023\/08\/GettyImages-1262681558-768x474-1.jpg\" class=\"attachment-large size-large wp-image-121\" alt=\"\" srcset=\"https:\/\/cfwrecruitment.com\/wp-content\/uploads\/2023\/08\/GettyImages-1262681558-768x474-1.jpg 768w, https:\/\/cfwrecruitment.com\/wp-content\/uploads\/2023\/08\/GettyImages-1262681558-768x474-1-300x185.jpg 300w\" sizes=\"(max-width: 768px) 100vw, 768px\" \/><\/div><\/a>\n\t\t\t\t<div class=\"elementor-post__text\">\n\t\t\t\t<h3 class=\"elementor-post__title\">\n\t\t\t<a href=\"https:\/\/cfwrecruitment.com\/pl\/unlocking-your-financial-future-cfws-innovative-approach-to-finance-sector-recruitment\/\" >\n\t\t\t\tOdblokowanie swojej przysz\u0142o\u015bci finansowej: innowacyjne podej\u015bcie CFW do rekrutacji w sektorze finansowym\t\t\t<\/a>\n\t\t<\/h3>\n\t\t\t\t<div class=\"elementor-post__excerpt\">\n\t\t\t<p>Sektor finansowy to dynamiczna i stale rozwijaj\u0105ca si\u0119 bran\u017ca, kt\u00f3ra odgrywa kluczow\u0105 rol\u0119 w gospodarce \u015bwiatowej. Przy ci\u0105g\u0142ych zmianach przepis\u00f3w, trend\u00f3w rynkowych,<\/p>\n\t\t<\/div>\n\t\t\n\t\t<a class=\"elementor-post__read-more\" href=\"https:\/\/cfwrecruitment.com\/pl\/unlocking-your-financial-future-cfws-innovative-approach-to-finance-sector-recruitment\/\" aria-label=\"Przeczytaj wi\u0119cej o Odblokowaniu swojej przysz\u0142o\u015bci finansowej: Innowacyjne podej\u015bcie CFW do rekrutacji w sektorze finansowym\" tabindex=\"-1\" >\n\t\t\tCzytaj wi\u0119cej &quot;\t\t<\/a>\n\n\t\t\t\t<\/div>\n\t\t\t\t<div class=\"elementor-post__meta-data\">\n\t\t\t\t\t<span class=\"elementor-post-date\">\n\t\t\t13 sierpnia 2023\t\t<\/span>\n\t\t\t\t<\/div>\n\t\t\t\t\t<\/div>\n\t\t<\/article>\n\t\t\t\t<article class=\"elementor-post elementor-grid-item post-269 post type-post status-publish format-standard has-post-thumbnail hentry category-media-centre\">\n\t\t\t<div class=\"elementor-post__card\">\n\t\t\t\t<a class=\"elementor-post__thumbnail__link\" href=\"https:\/\/cfwrecruitment.com\/pl\/elevate-your-career-in-corporate-investment-banking-with-our-expertise\/\" tabindex=\"-1\" ><div class=\"elementor-post__thumbnail\"><img decoding=\"async\" width=\"768\" height=\"474\" src=\"https:\/\/cfwrecruitment.com\/wp-content\/uploads\/2023\/08\/GettyImages-1387706550-768x474-1.jpg\" class=\"attachment-large size-large wp-image-120\" alt=\"\" srcset=\"https:\/\/cfwrecruitment.com\/wp-content\/uploads\/2023\/08\/GettyImages-1387706550-768x474-1.jpg 768w, https:\/\/cfwrecruitment.com\/wp-content\/uploads\/2023\/08\/GettyImages-1387706550-768x474-1-300x185.jpg 300w\" sizes=\"(max-width: 768px) 100vw, 768px\" \/><\/div><\/a>\n\t\t\t\t<div class=\"elementor-post__text\">\n\t\t\t\t<h3 class=\"elementor-post__title\">\n\t\t\t<a href=\"https:\/\/cfwrecruitment.com\/pl\/elevate-your-career-in-corporate-investment-banking-with-our-expertise\/\" >\n\t\t\t\tPodnie\u015b swoj\u0105 karier\u0119 w bankowo\u015bci korporacyjnej i inwestycyjnej dzi\u0119ki naszej wiedzy specjalistycznej\t\t\t<\/a>\n\t\t<\/h3>\n\t\t\t\t<div class=\"elementor-post__excerpt\">\n\t\t\t<p>\u015awiat bankowo\u015bci korporacyjnej i inwestycyjnej (CIB) znany jest z szybkiego tempa akcji, wysokich stawek i zawi\u0142ych transakcji finansowych. Jako ambitny profesjonalista ds<\/p>\n\t\t<\/div>\n\t\t\n\t\t<a class=\"elementor-post__read-more\" href=\"https:\/\/cfwrecruitment.com\/pl\/elevate-your-career-in-corporate-investment-banking-with-our-expertise\/\" aria-label=\"Przeczytaj wi\u0119cej o Podnie\u015b swoj\u0105 karier\u0119 w bankowo\u015bci korporacyjnej i inwestycyjnej dzi\u0119ki naszej wiedzy specjalistycznej\" tabindex=\"-1\" >\n\t\t\tCzytaj wi\u0119cej &quot;\t\t<\/a>\n\n\t\t\t\t<\/div>\n\t\t\t\t<div class=\"elementor-post__meta-data\">\n\t\t\t\t\t<span class=\"elementor-post-date\">\n\t\t\t13 sierpnia 2023\t\t<\/span>\n\t\t\t\t<\/div>\n\t\t\t\t\t<\/div>\n\t\t<\/article>\n\t\t\t\t<article class=\"elementor-post elementor-grid-item post-267 post type-post status-publish format-standard has-post-thumbnail hentry category-private-wealth-management\">\n\t\t\t<div class=\"elementor-post__card\">\n\t\t\t\t<a class=\"elementor-post__thumbnail__link\" href=\"https:\/\/cfwrecruitment.com\/pl\/leading-the-way-recruitment-for-finance-director-and-cfo-positions-with-expertise-and-precision\/\" tabindex=\"-1\" ><div class=\"elementor-post__thumbnail\"><img decoding=\"async\" width=\"768\" height=\"474\" src=\"https:\/\/cfwrecruitment.com\/wp-content\/uploads\/2023\/08\/pexels-mery-stockera-15402579-768x474-1.jpg\" class=\"attachment-large size-large wp-image-233\" alt=\"\" srcset=\"https:\/\/cfwrecruitment.com\/wp-content\/uploads\/2023\/08\/pexels-mery-stockera-15402579-768x474-1.jpg 768w, https:\/\/cfwrecruitment.com\/wp-content\/uploads\/2023\/08\/pexels-mery-stockera-15402579-768x474-1-300x185.jpg 300w\" sizes=\"(max-width: 768px) 100vw, 768px\" \/><\/div><\/a>\n\t\t\t\t<div class=\"elementor-post__text\">\n\t\t\t\t<h3 class=\"elementor-post__title\">\n\t\t\t<a href=\"https:\/\/cfwrecruitment.com\/pl\/leading-the-way-recruitment-for-finance-director-and-cfo-positions-with-expertise-and-precision\/\" >\n\t\t\t\tLider: Rekrutacja na stanowiska dyrektora finansowego i dyrektora finansowego charakteryzuj\u0105ca si\u0119 wiedz\u0105 i precyzj\u0105\t\t\t<\/a>\n\t\t<\/h3>\n\t\t\t\t<div class=\"elementor-post__excerpt\">\n\t\t\t<p>W dynamicznym \u015bwiecie finans\u00f3w role dyrektora finansowego i dyrektora finansowego (CFO) maj\u0105 ogromne znaczenie. Te osoby s\u0105 zarz\u0105dcami<\/p>\n\t\t<\/div>\n\t\t\n\t\t<a class=\"elementor-post__read-more\" href=\"https:\/\/cfwrecruitment.com\/pl\/leading-the-way-recruitment-for-finance-director-and-cfo-positions-with-expertise-and-precision\/\" aria-label=\"Przeczytaj wi\u0119cej o Leading the Way: Rekrutacja na stanowiska dyrektora finansowego i dyrektora finansowego charakteryzuj\u0105ca si\u0119 wiedz\u0105 i precyzj\u0105\" tabindex=\"-1\" >\n\t\t\tCzytaj wi\u0119cej &quot;\t\t<\/a>\n\n\t\t\t\t<\/div>\n\t\t\t\t<div class=\"elementor-post__meta-data\">\n\t\t\t\t\t<span class=\"elementor-post-date\">\n\t\t\t13 sierpnia 2023\t\t<\/span>\n\t\t\t\t<\/div>\n\t\t\t\t\t<\/div>\n\t\t<\/article>\n\t\t\t\t<\/div>\n\t\t\n\t\t\t\t\t\t<\/div>\n\t\t\t\t<\/div>\n\t\t\t\t\t<\/div>\n\t\t<\/div>\n\t\t\t\t\t<\/div>\n\t\t<\/section>\n\t\t\t\t\t<\/div>\n\t\t<\/div>\n\t\t\t\t\t<\/div>\n\t\t<\/section>\n\t\t\t\t<\/div>","protected":false},"excerpt":{"rendered":"<p>Filtruj kategori\u0119 Wybierz tematPorady dotycz\u0105ce zarz\u0105dzaniaCentrum medialneZarz\u0105dzanie maj\u0105tkiem prywatnymZarz\u0105dzanie ryzykiem<\/p>","protected":false},"author":1,"featured_media":0,"parent":0,"menu_order":0,"comment_status":"closed","ping_status":"closed","template":"","meta":{"footnotes":""},"class_list":["post-839","page","type-page","status-publish","hentry"],"_links":{"self":[{"href":"https:\/\/cfwrecruitment.com\/pl\/wp-json\/wp\/v2\/pages\/839","targetHints":{"allow":["GET"]}}],"collection":[{"href":"https:\/\/cfwrecruitment.com\/pl\/wp-json\/wp\/v2\/pages"}],"about":[{"href":"https:\/\/cfwrecruitment.com\/pl\/wp-json\/wp\/v2\/types\/page"}],"author":[{"embeddable":true,"href":"https:\/\/cfwrecruitment.com\/pl\/wp-json\/wp\/v2\/users\/1"}],"replies":[{"embeddable":true,"href":"https:\/\/cfwrecruitment.com\/pl\/wp-json\/wp\/v2\/comments?post=839"}],"version-history":[{"count":67,"href":"https:\/\/cfwrecruitment.com\/pl\/wp-json\/wp\/v2\/pages\/839\/revisions"}],"predecessor-version":[{"id":939,"href":"https:\/\/cfwrecruitment.com\/pl\/wp-json\/wp\/v2\/pages\/839\/revisions\/939"}],"wp:attachment":[{"href":"https:\/\/cfwrecruitment.com\/pl\/wp-json\/wp\/v2\/media?parent=839"}],"curies":[{"name":"wp","href":"https:\/\/api.w.org\/{rel}","templated":true}]}}